{"id":988756,"date":"2022-12-21T11:57:13","date_gmt":"2022-12-21T11:57:13","guid":{"rendered":"https:\/\/ginekologija-ljubljana.si\/?page_id=988756"},"modified":"2023-12-13T09:46:52","modified_gmt":"2023-12-13T09:46:52","slug":"unfruchtbarkeit","status":"publish","type":"page","link":"https:\/\/ginekologija-ljubljana.si\/de\/unfruchtbarkeit\/","title":{"rendered":"Unfruchtbarkeit"},"content":{"rendered":"\t\t<div data-elementor-type=\"wp-page\" data-elementor-id=\"988756\" class=\"elementor elementor-988756 elementor-987936\" data-elementor-post-type=\"page\">\n\t\t\t\t\t\t\t\t\t<section class=\"elementor-section elementor-top-section elementor-element elementor-element-5e16d69d elementor-section-height-min-height elementor-section-items-stretch elementor-section-boxed elementor-section-height-default\" data-id=\"5e16d69d\" data-element_type=\"section\">\n\t\t\t\t\t\t<div class=\"elementor-container elementor-column-gap-default\">\n\t\t\t\t\t<div class=\"elementor-column elementor-col-100 elementor-top-column elementor-element elementor-element-71fcd66a\" data-id=\"71fcd66a\" data-element_type=\"column\" data-settings=\"{&quot;background_background&quot;:&quot;classic&quot;}\">\n\t\t\t<div class=\"elementor-widget-wrap\">\n\t\t\t\t\t\t\t\t\t<\/div>\n\t\t<\/div>\n\t\t\t\t\t\t\t<\/div>\n\t\t<\/section>\n\t\t\t\t<section class=\"elementor-section elementor-top-section elementor-element elementor-element-290235c8 elementor-section-height-min-height elementor-section-items-stretch elementor-section-boxed elementor-section-height-default\" data-id=\"290235c8\" data-element_type=\"section\">\n\t\t\t\t\t\t<div class=\"elementor-container elementor-column-gap-default\">\n\t\t\t\t\t<div class=\"elementor-column elementor-col-100 elementor-top-column elementor-element elementor-element-2a665127\" data-id=\"2a665127\" data-element_type=\"column\" data-settings=\"{&quot;background_background&quot;:&quot;classic&quot;}\">\n\t\t\t<div class=\"elementor-widget-wrap elementor-element-populated\">\n\t\t\t\t\t\t\t\t<section class=\"elementor-section elementor-inner-section elementor-element elementor-element-51572e08 elementor-section-boxed elementor-section-height-default elementor-section-height-default\" data-id=\"51572e08\" data-element_type=\"section\">\n\t\t\t\t\t\t<div class=\"elementor-container elementor-column-gap-default\">\n\t\t\t\t\t<div class=\"elementor-column elementor-col-100 elementor-inner-column elementor-element elementor-element-7f789ff4\" data-id=\"7f789ff4\" data-element_type=\"column\">\n\t\t\t<div class=\"elementor-widget-wrap elementor-element-populated\">\n\t\t\t\t\t\t\t\t<div class=\"elementor-element elementor-element-6d92eb35 elementor-widget elementor-widget-heading\" data-id=\"6d92eb35\" data-element_type=\"widget\" data-widget_type=\"heading.default\">\n\t\t\t\t<div class=\"elementor-widget-container\">\n\t\t\t<h1 class=\"elementor-heading-title elementor-size-default\">UNFRUCHTBARKEIT<\/h1>\t\t<\/div>\n\t\t\t\t<\/div>\n\t\t\t\t\t<\/div>\n\t\t<\/div>\n\t\t\t\t\t\t\t<\/div>\n\t\t<\/section>\n\t\t\t\t\t<\/div>\n\t\t<\/div>\n\t\t\t\t\t\t\t<\/div>\n\t\t<\/section>\n\t\t\t\t<section class=\"elementor-section elementor-top-section elementor-element elementor-element-7a25cb91 elementor-section-height-min-height elementor-section-items-stretch elementor-reverse-mobile elementor-section-boxed elementor-section-height-default\" data-id=\"7a25cb91\" data-element_type=\"section\">\n\t\t\t\t\t\t<div class=\"elementor-container elementor-column-gap-default\">\n\t\t\t\t\t<div class=\"elementor-column elementor-col-50 elementor-top-column elementor-element elementor-element-576983ef\" data-id=\"576983ef\" data-element_type=\"column\">\n\t\t\t<div class=\"elementor-widget-wrap elementor-element-populated\">\n\t\t\t\t\t\t\t\t<div class=\"elementor-element elementor-element-16654fde elementor-widget__width-auto elementor-hidden-desktop elementor-hidden-tablet elementor-hidden-mobile elementor-widget elementor-widget-heading\" data-id=\"16654fde\" data-element_type=\"widget\" data-widget_type=\"heading.default\">\n\t\t\t\t<div class=\"elementor-widget-container\">\n\t\t\t<h5 class=\"elementor-heading-title elementor-size-default\">Online Care<\/h5>\t\t<\/div>\n\t\t\t\t<\/div>\n\t\t\t\t<div class=\"elementor-element elementor-element-6c435943 elementor-widget elementor-widget-heading\" data-id=\"6c435943\" data-element_type=\"widget\" data-widget_type=\"heading.default\">\n\t\t\t\t<div class=\"elementor-widget-container\">\n\t\t\t<h2 class=\"elementor-heading-title elementor-size-default\">Unfruchtbarkeit<\/h2>\t\t<\/div>\n\t\t\t\t<\/div>\n\t\t\t\t<div class=\"elementor-element elementor-element-508100fe elementor-widget elementor-widget-text-editor\" data-id=\"508100fe\" data-element_type=\"widget\" data-widget_type=\"text-editor.default\">\n\t\t\t\t<div class=\"elementor-widget-container\">\n\t\t\t\t\t\t\t<div><p><span lang=\"DE\">Die Weltgesundheitsorganisation definiert Unfruchtbarkeit als die Unf\u00e4higkeit, nach einem Jahr regelm\u00e4\u00dfigen, ungesch\u00fctzten Geschlechtsverkehrs spontan schwanger zu werden. Eines von sechs Paaren hat Schwierigkeiten, schwanger zu werden. Man sch\u00e4tzt, dass in Europa mehr als 25 Millionen Menschen unter diesem Problem leiden. Da die Fruchtbarkeit der Frau nach dem 35. Lebensjahr abnimmt, wird empfohlen, bei Frauen ab 35 Jahren nach 6 Monaten regelm\u00e4\u00dfigen ungesch\u00fctzten Geschlechtsverkehrs mit einem gezielten Screening des Paares zu beginnen.<\/span><\/p><\/div>\t\t\t\t\t\t<\/div>\n\t\t\t\t<\/div>\n\t\t\t\t<div class=\"elementor-element elementor-element-6c406b7 elementor-icon-list--layout-traditional elementor-list-item-link-full_width elementor-widget elementor-widget-icon-list\" data-id=\"6c406b7\" data-element_type=\"widget\" data-widget_type=\"icon-list.default\">\n\t\t\t\t<div class=\"elementor-widget-container\">\n\t\t\t\t\t<ul class=\"elementor-icon-list-items\">\n\t\t\t\t\t\t\t<li class=\"elementor-icon-list-item\">\n\t\t\t\t\t\t\t\t\t\t\t<span class=\"elementor-icon-list-icon\">\n\t\t\t\t\t\t\t<i aria-hidden=\"true\" class=\"fas fa-chevron-right\"><\/i>\t\t\t\t\t\t<\/span>\n\t\t\t\t\t\t\t\t\t\t<span class=\"elementor-icon-list-text\">Bei der Frau kann Unfruchtbarkeit durch Funktionsst\u00f6rungen der Eierst\u00f6cke, der Geb\u00e4rmutter, der Eileiter, des endokrinen Systems usw. verursacht werden.<\/span>\n\t\t\t\t\t\t\t\t\t<\/li>\n\t\t\t\t\t\t\t\t<li class=\"elementor-icon-list-item\">\n\t\t\t\t\t\t\t\t\t\t\t<span class=\"elementor-icon-list-icon\">\n\t\t\t\t\t\t\t<i aria-hidden=\"true\" class=\"fas fa-chevron-right\"><\/i>\t\t\t\t\t\t<\/span>\n\t\t\t\t\t\t\t\t\t\t<span class=\"elementor-icon-list-text\">Beim Mann wird Unfruchtbarkeit am h\u00e4ufigsten durch eine gest\u00f6rte Ejakulation, zu wenige oder keine Spermien im Ejakulat und eine anormale Morphologie und Mobilit\u00e4t der Spermien verursacht.<\/span>\n\t\t\t\t\t\t\t\t\t<\/li>\n\t\t\t\t\t\t<\/ul>\n\t\t\t\t<\/div>\n\t\t\t\t<\/div>\n\t\t\t\t<div class=\"elementor-element elementor-element-47a1c1f elementor-widget elementor-widget-text-editor\" data-id=\"47a1c1f\" data-element_type=\"widget\" data-widget_type=\"text-editor.default\">\n\t\t\t\t<div class=\"elementor-widget-container\">\n\t\t\t\t\t\t\t<div><p><span lang=\"DE\">Unfruchtbarkeit kann prim\u00e4r oder sekund\u00e4r sein. Prim\u00e4re Unfruchtbarkeit bedeutet, dass noch nie eine Schwangerschaft eingetreten ist, w\u00e4hrend sekund\u00e4re Unfruchtbarkeit bedeutet, dass in der Vergangenheit eine best\u00e4tigte Schwangerschaft eingetreten ist.\u00a0Die Unfruchtbarkeit eines Paares kann durch weibliche oder m\u00e4nnliche Faktoren oder eine Kombination aus beiden verursacht werden. Eine Behandlung erh\u00f6ht die Chance auf eine erfolgreiche Schwangerschaft erheblich.<\/span><\/p><\/div>\t\t\t\t\t\t<\/div>\n\t\t\t\t<\/div>\n\t\t\t\t\t<\/div>\n\t\t<\/div>\n\t\t\t\t<div class=\"elementor-column elementor-col-50 elementor-top-column elementor-element elementor-element-7302f08\" data-id=\"7302f08\" data-element_type=\"column\" data-settings=\"{&quot;background_background&quot;:&quot;classic&quot;}\">\n\t\t\t<div class=\"elementor-widget-wrap elementor-element-populated\">\n\t\t\t\t\t\t\t\t<div class=\"elementor-element elementor-element-37ae13d elementor-widget elementor-widget-spacer\" data-id=\"37ae13d\" data-element_type=\"widget\" data-widget_type=\"spacer.default\">\n\t\t\t\t<div class=\"elementor-widget-container\">\n\t\t\t\t\t<div class=\"elementor-spacer\">\n\t\t\t<div class=\"elementor-spacer-inner\"><\/div>\n\t\t<\/div>\n\t\t\t\t<\/div>\n\t\t\t\t<\/div>\n\t\t\t\t\t<\/div>\n\t\t<\/div>\n\t\t\t\t\t\t\t<\/div>\n\t\t<\/section>\n\t\t\t\t<section class=\"elementor-section elementor-top-section elementor-element elementor-element-43178c6 elementor-section-height-min-height elementor-section-items-stretch elementor-section-boxed elementor-section-height-default\" data-id=\"43178c6\" data-element_type=\"section\">\n\t\t\t\t\t\t<div class=\"elementor-container elementor-column-gap-default\">\n\t\t\t\t\t<div class=\"elementor-column elementor-col-100 elementor-top-column elementor-element elementor-element-ff32c05\" data-id=\"ff32c05\" data-element_type=\"column\" data-settings=\"{&quot;background_background&quot;:&quot;classic&quot;}\">\n\t\t\t<div class=\"elementor-widget-wrap elementor-element-populated\">\n\t\t\t\t\t<div class=\"elementor-background-overlay\"><\/div>\n\t\t\t\t\t\t\t\t<section class=\"elementor-section elementor-inner-section elementor-element elementor-element-c66c18f elementor-section-boxed elementor-section-height-default elementor-section-height-default\" data-id=\"c66c18f\" data-element_type=\"section\">\n\t\t\t\t\t\t<div class=\"elementor-container elementor-column-gap-default\">\n\t\t\t\t\t<div class=\"elementor-column elementor-col-100 elementor-inner-column elementor-element elementor-element-f565b59\" data-id=\"f565b59\" data-element_type=\"column\">\n\t\t\t<div class=\"elementor-widget-wrap elementor-element-populated\">\n\t\t\t\t\t\t\t\t<div class=\"elementor-element elementor-element-1b16b78 elementor-widget elementor-widget-heading\" data-id=\"1b16b78\" data-element_type=\"widget\" data-widget_type=\"heading.default\">\n\t\t\t\t<div class=\"elementor-widget-container\">\n\t\t\t<h2 class=\"elementor-heading-title elementor-size-default\">Die Frauenklinik von Ljubljana bietet Diagnose und Behandlung von Unfruchtbarkeit bis hin zur Notwendigkeit einer assistierten Reproduktionstechnologie (ART), die in spezialisierten ART-Zentren durchgef\u00fchrt wird.<\/h2>\t\t<\/div>\n\t\t\t\t<\/div>\n\t\t\t\t\t<\/div>\n\t\t<\/div>\n\t\t\t\t\t\t\t<\/div>\n\t\t<\/section>\n\t\t\t\t\t<\/div>\n\t\t<\/div>\n\t\t\t\t\t\t\t<\/div>\n\t\t<\/section>\n\t\t\t\t<section class=\"elementor-section elementor-top-section elementor-element elementor-element-a9051d0 elementor-section-height-min-height elementor-section-items-stretch elementor-section-boxed elementor-section-height-default\" data-id=\"a9051d0\" data-element_type=\"section\">\n\t\t\t\t\t\t<div class=\"elementor-container elementor-column-gap-default\">\n\t\t\t\t\t<div class=\"elementor-column elementor-col-100 elementor-top-column elementor-element elementor-element-32c1a2e\" data-id=\"32c1a2e\" data-element_type=\"column\">\n\t\t\t<div class=\"elementor-widget-wrap elementor-element-populated\">\n\t\t\t\t\t\t\t\t<div class=\"elementor-element elementor-element-22ffdc6 elementor-widget elementor-widget-heading\" data-id=\"22ffdc6\" data-element_type=\"widget\" data-widget_type=\"heading.default\">\n\t\t\t\t<div class=\"elementor-widget-container\">\n\t\t\t<h2 class=\"elementor-heading-title elementor-size-default\">Die Frauenklinik in Ljubljana bietet Diagnose und Behandlung von Unfruchtbarkeit<\/h2>\t\t<\/div>\n\t\t\t\t<\/div>\n\t\t\t\t<div class=\"elementor-element elementor-element-957d9f2 elementor-widget elementor-widget-text-editor\" data-id=\"957d9f2\" data-element_type=\"widget\" data-widget_type=\"text-editor.default\">\n\t\t\t\t<div class=\"elementor-widget-container\">\n\t\t\t\t\t\t\t<p style=\"font-weight: 400;\">bis hin zur Notwendigkeit einer assistierten Reproduktionstechnologie (ART), die in spezialisierten ART-Zentren durchgef\u00fchrt wird.<\/p><p style=\"font-weight: 400;\">Das Unfruchtbarkeits-Screening einer Frau kann eine allgemeine gyn\u00e4kologische Untersuchung und die folgenden spezifischen Untersuchungen umfassen:<\/p><ul><li><strong>Ultraschalluntersuchung (US):\u00a0<\/strong>2D- und 3D-Untersuchung der Geb\u00e4rmutter und der Eierst\u00f6cke. Wir testen auf angeborene und erworbene Anomalien. In den Eierst\u00f6cken wird die Anzahl der embryonalen oder antralen Follikel (AFC) gez\u00e4hlt, die die ovarielle Reserve darstellen. Es kann auch eine Sonohysterographie durchgef\u00fchrt werden, bei der \u00fcber einen Katheter eine Kochsalzl\u00f6sung in die Geb\u00e4rmutterh\u00f6hle gespritzt wird, sodass wir mit Ultraschall Ver\u00e4nderungen der Geb\u00e4rmutterschleimhaut erkennen k\u00f6nnen, die sonst nicht sichtbar sind.<\/li><li><strong>Markertest:\u00a0<\/strong>Wir untersuchen die Ovalutions- und Hypophysehormone, die die Fortpflanzungsfunktion regulieren.<\/li><li><strong>Ovulationstests:\u00a0<\/strong>Im Blut werden Hormone bestimmt, um das Vorhandensein oder Nichtvorhandensein eines Eisprungs festzustellen.<\/li><li><strong>Hysterosalpingo-Kontrastsonographie (HyCoSy):\u00a0<\/strong>Wir beurteilen die Geb\u00e4rmutter und ob die Eileiter offen oder verschlossen sind. Das Kontrastmittel wird \u00fcber einen in die Geb\u00e4rmutterh\u00f6hle eingef\u00fchrten Katheter in die Bauchh\u00f6hle, durch die Eileiter und in beide Eierst\u00f6cke geleitet, wenn die Eileiter ge\u00f6ffnet sind. Wenn die Eileiter verschlossen sind, k\u00f6nnen wir die Stelle des Eileiterverschlusses mit dem Ultraschall sehen.<\/li><li><strong>ERA\/EMMA\/ALICE-Test und NK-Zellen-Immunoassay<\/strong><\/li><\/ul><p style=\"font-weight: 400;\">\u00a0<\/p><p style=\"font-weight: 400;\">Untersuchung des Mannes:<\/p><ul><li><strong>Untersuchung des Samenergusses (Spermiogramm):\u00a0<\/strong>Gelegentlich m\u00fcssen zwei Proben abgegeben werden. Eine Samenfl\u00fcssigkeitsprobe wird durch Masturbation und Ejakulation in einen sterilen Becher gewonnen. Im Falle eines anormalen Ergebnisses sind weitere Tests erforderlich.<\/li><\/ul><h2>\u00a0<\/h2>\t\t\t\t\t\t<\/div>\n\t\t\t\t<\/div>\n\t\t\t\t\t<\/div>\n\t\t<\/div>\n\t\t\t\t\t\t\t<\/div>\n\t\t<\/section>\n\t\t\t\t\t\t\t<\/div>\n\t\t","protected":false},"excerpt":{"rendered":"<p>UNFRUCHTBARKEIT Online Care Unfruchtbarkeit Die Weltgesundheitsorganisation definiert Unfruchtbarkeit als die Unf\u00e4higkeit, nach einem Jahr regelm\u00e4\u00dfigen, ungesch\u00fctzten Geschlechtsverkehrs spontan schwanger zu werden. Eines von sechs Paaren hat Schwierigkeiten, schwanger zu werden. Man sch\u00e4tzt, dass in Europa mehr als 25 Millionen Menschen unter diesem Problem leiden. Da die Fruchtbarkeit der Frau nach dem 35. Lebensjahr abnimmt, wird&#8230;<\/p>\n","protected":false},"author":1,"featured_media":0,"parent":0,"menu_order":0,"comment_status":"closed","ping_status":"closed","template":"","meta":{"footnotes":""},"class_list":["post-988756","page","type-page","status-publish","hentry"],"aioseo_notices":[],"_links":{"self":[{"href":"https:\/\/ginekologija-ljubljana.si\/de\/wp-json\/wp\/v2\/pages\/988756","targetHints":{"allow":["GET"]}}],"collection":[{"href":"https:\/\/ginekologija-ljubljana.si\/de\/wp-json\/wp\/v2\/pages"}],"about":[{"href":"https:\/\/ginekologija-ljubljana.si\/de\/wp-json\/wp\/v2\/types\/page"}],"author":[{"embeddable":true,"href":"https:\/\/ginekologija-ljubljana.si\/de\/wp-json\/wp\/v2\/users\/1"}],"replies":[{"embeddable":true,"href":"https:\/\/ginekologija-ljubljana.si\/de\/wp-json\/wp\/v2\/comments?post=988756"}],"version-history":[{"count":4,"href":"https:\/\/ginekologija-ljubljana.si\/de\/wp-json\/wp\/v2\/pages\/988756\/revisions"}],"predecessor-version":[{"id":988760,"href":"https:\/\/ginekologija-ljubljana.si\/de\/wp-json\/wp\/v2\/pages\/988756\/revisions\/988760"}],"wp:attachment":[{"href":"https:\/\/ginekologija-ljubljana.si\/de\/wp-json\/wp\/v2\/media?parent=988756"}],"curies":[{"name":"wp","href":"https:\/\/api.w.org\/{rel}","templated":true}]}}